{"id":8,"date":"2020-03-19T12:49:56","date_gmt":"2020-03-19T09:49:56","guid":{"rendered":"https:\/\/hapishanehaberleri.wordpress.com\/?page_id=8"},"modified":"2020-03-19T12:49:56","modified_gmt":"2020-03-19T09:49:56","slug":"contact","status":"publish","type":"page","link":"https:\/\/hapishanehaberleri.cisst.org.tr\/?page_id=8","title":{"rendered":"\u0130leti\u015fim"},"content":{"rendered":"\n<p class=\"has-text-align-left\">A\u015fa\u011f\u0131daki ileti\u015fim bilgilerini kullanarak bize ula\u015fabilirsiniz <\/p>\n\n\n\n<p><strong>Ceza \u0130nfaz Sisteminde Sivil Toplum Derne\u011fi (C\u0130SST)<\/strong><br>Katip Mustafa \u00c7elebi Mh. Billurcu Sk. No 5\/2&nbsp;Pk: 34433<br>Beyo\u011flu \/ \u0130stanbul \/ T\u00fcrkiye<\/p>\n\n\n\n<p><strong>Telefon \/ Fax :<\/strong>&nbsp;+90 212 293 69 82<\/p>\n\n\n\n<p><strong>Dan\u0131\u015fma Hatt\u0131:&nbsp;0212 252 53 11&nbsp;&nbsp;<\/strong><\/p>\n\n\n\n<p><strong>E-posta :<\/strong>&nbsp;<a href=\"mailto:info@tcps.org.tr\" target=\"_blank\" rel=\"noreferrer noopener\">info@cisst.org.tr&nbsp;<\/a><\/p>\n\n\n\n<div style=\"height:32px;\" aria-hidden=\"true\" class=\"wp-block-spacer desktop-only\"><\/div>\n\n\n\n<div class=\"is-layout-flex wp-container-4 wp-block-columns alignwide has-2-columns\">\n<div class=\"is-layout-flow wp-block-column\">\n<div class=\"wp-block-jetpack-contact-info\"><\/div>\n\n\n\n<ul class=\"is-layout-flex wp-block-social-links\">\n\n\n\n\n\n\n\n\n\n\n\n\n\n\n\n<\/ul>\n<\/div>\n\n\n\n<div class=\"is-layout-flow wp-block-column\"><\/div>\n<\/div>\n","protected":false},"excerpt":{"rendered":"<p>A\u015fa\u011f\u0131daki ileti\u015fim bilgilerini kullanarak bize ula\u015fabilirsiniz Ceza \u0130nfaz Sisteminde Sivil Toplum Derne\u011fi (C\u0130SST)Katip Mustafa \u00c7elebi Mh. Billurcu Sk. No 5\/2&nbsp;Pk: 34433Beyo\u011flu \/ \u0130stanbul \/ T\u00fcrkiye Telefon \/ Fax :&nbsp;+90 212 293 69 82 Dan\u0131\u015fma Hatt\u0131:&nbsp;0212 252 53 11&nbsp;&nbsp; E-posta :&nbsp;info@cisst.org.tr&nbsp;<\/p>\n","protected":false},"author":1,"featured_media":0,"parent":0,"menu_order":0,"comment_status":"closed","ping_status":"closed","template":"","meta":[],"_links":{"self":[{"href":"https:\/\/hapishanehaberleri.cisst.org.tr\/index.php?rest_route=\/wp\/v2\/pages\/8"}],"collection":[{"href":"https:\/\/hapishanehaberleri.cisst.org.tr\/index.php?rest_route=\/wp\/v2\/pages"}],"about":[{"href":"https:\/\/hapishanehaberleri.cisst.org.tr\/index.php?rest_route=\/wp\/v2\/types\/page"}],"author":[{"embeddable":true,"href":"https:\/\/hapishanehaberleri.cisst.org.tr\/index.php?rest_route=\/wp\/v2\/users\/1"}],"replies":[{"embeddable":true,"href":"https:\/\/hapishanehaberleri.cisst.org.tr\/index.php?rest_route=%2Fwp%2Fv2%2Fcomments&post=8"}],"version-history":[{"count":0,"href":"https:\/\/hapishanehaberleri.cisst.org.tr\/index.php?rest_route=\/wp\/v2\/pages\/8\/revisions"}],"wp:attachment":[{"href":"https:\/\/hapishanehaberleri.cisst.org.tr\/index.php?rest_route=%2Fwp%2Fv2%2Fmedia&parent=8"}],"curies":[{"name":"wp","href":"https:\/\/api.w.org\/{rel}","templated":true}]}}